{"id":28,"date":"2022-07-05T06:03:29","date_gmt":"2022-07-05T06:03:29","guid":{"rendered":"https:\/\/www.ceevet.eu\/portuguese\/?page_id=28"},"modified":"2022-07-05T06:12:55","modified_gmt":"2022-07-05T06:12:55","slug":"as-atividades","status":"publish","type":"page","link":"http:\/\/www.ceevet.eu\/portuguese\/as-atividades\/","title":{"rendered":"As atividades"},"content":{"rendered":"\n<p>Este projecto prop\u00f5e um programa que aborda o desenvolvimento pessoal dos estudantes de EFV, centrando-se especialmente na constru\u00e7\u00e3o da sua motiva\u00e7\u00e3o para participar na sociedade e contribuir para o mercado de trabalho, aumentar a sua confian\u00e7a como empregados, empres\u00e1rios ou cidad\u00e3os, ao mesmo tempo que aumenta as suas capacidades de empregabilidade utilizando o empreendedorismo como activador do seu interesse e estrat\u00e9gias baseadas nas TIC para entrar em contacto com os educadores e a sociedade.&nbsp;<\/p>\n\n\n\n<p>Os membros do projeto que v\u00e3o participar na forma\u00e7\u00e3o seguir\u00e3o a metodologia de \u00abaprendizagem por envolvimento\u00bb, o que significa que se pretende foram uma ambiente de coopera\u00e7\u00e3o, sustentabilidade e alinhamento n\u00e3o s\u00f3 na parte te\u00f3rica do projeto, mas tamb\u00e9m na parte pr\u00e1tica. Depois disso, os membros ser\u00e3o capazes de transferir essas perspectivas para o pr\u00f3prio projeto.<\/p>\n\n\n\n<p>Os participantes no projeto tamb\u00e9m ir\u00e3o monitorizar o impacto da aplica\u00e7\u00e3o dos seus resultados nos seus alunos, a fim de tornar a sua aplica\u00e7\u00e3o sustent\u00e1vel a n\u00edvel regional\/nacional ap\u00f3s a conclus\u00e3o do projecto. A forma\u00e7\u00e3o oferecer\u00e1 aos parceiros a oportunidade de alinhar e criar uma linguagem comum e, mais importante ainda, compet\u00eancias de coaching\/mentoring que ir\u00e3o basicamente ser utilizadas ao longo de todo o projeto. A forma\u00e7\u00e3o assegurar\u00e1 que os jovens trabalhadores e os formadores receber\u00e3o a informa\u00e7\u00e3o necess\u00e1ria para apoiar os nativos digitais no seu programa de desenvolvimento pessoal no dom\u00ednio de compet\u00eancias mais amplas de vida digital.<\/p>\n\n\n\n<p>As forma\u00e7\u00f5es de curta dura\u00e7\u00e3o dos educadores pertencentes aos parceiros participantes no projeto, ser\u00e1 dedicada \u00e0 cria\u00e7\u00e3o e testagem do resultado 3. Os participantes do C1 ser\u00e3o 18 educadores EFV da organiza\u00e7\u00e3o dos parceiros ou provenientes dos principais intervenientes locais dos parceiros, para assegurar a difus\u00e3o e transfer\u00eancia antecipada dos produtos. O programa de aprendizagem ser\u00e1 concebido para ser adapt\u00e1vel \u00e0s necessidades de aprendizagem do grupo-alvo, sem preju\u00edzo da qualidade educacional global. A l\u00edngua da mobilidade ser\u00e1 o ingl\u00eas, em coer\u00eancia com a natureza internacional das pr\u00f3prias atividades.<\/p>\n","protected":false},"excerpt":{"rendered":"<p>Este projecto prop\u00f5e um programa que aborda o desenvolvimento pessoal dos estudantes de EFV, centrando-se especialmente na constru\u00e7\u00e3o da sua motiva\u00e7\u00e3o para participar na sociedade e contribuir para o mercado de trabalho, aumentar a sua confian\u00e7a como empregados, empres\u00e1rios ou cidad\u00e3os, ao mesmo tempo que aumenta as suas capacidades de empregabilidade utilizando o empreendedorismo como [&hellip;]<\/p>\n","protected":false},"author":2,"featured_media":0,"parent":0,"menu_order":0,"comment_status":"closed","ping_status":"closed","template":"template-full-width.php","meta":[],"_links":{"self":[{"href":"http:\/\/www.ceevet.eu\/portuguese\/wp-json\/wp\/v2\/pages\/28"}],"collection":[{"href":"http:\/\/www.ceevet.eu\/portuguese\/wp-json\/wp\/v2\/pages"}],"about":[{"href":"http:\/\/www.ceevet.eu\/portuguese\/wp-json\/wp\/v2\/types\/page"}],"author":[{"embeddable":true,"href":"http:\/\/www.ceevet.eu\/portuguese\/wp-json\/wp\/v2\/users\/2"}],"replies":[{"embeddable":true,"href":"http:\/\/www.ceevet.eu\/portuguese\/wp-json\/wp\/v2\/comments?post=28"}],"version-history":[{"count":1,"href":"http:\/\/www.ceevet.eu\/portuguese\/wp-json\/wp\/v2\/pages\/28\/revisions"}],"predecessor-version":[{"id":29,"href":"http:\/\/www.ceevet.eu\/portuguese\/wp-json\/wp\/v2\/pages\/28\/revisions\/29"}],"wp:attachment":[{"href":"http:\/\/www.ceevet.eu\/portuguese\/wp-json\/wp\/v2\/media?parent=28"}],"curies":[{"name":"wp","href":"https:\/\/api.w.org\/{rel}","templated":true}]}}