{"id":30,"date":"2022-07-05T06:04:57","date_gmt":"2022-07-05T06:04:57","guid":{"rendered":"https:\/\/www.ceevet.eu\/portuguese\/?page_id=30"},"modified":"2023-10-29T22:29:31","modified_gmt":"2023-10-29T22:29:31","slug":"the-results","status":"publish","type":"page","link":"http:\/\/www.ceevet.eu\/portuguese\/the-results\/","title":{"rendered":"RESULTADOS"},"content":{"rendered":"\n<p>Os 3 principais resultados do projeto ser\u00e3o:&nbsp;<\/p>\n\n\n\n<p>(R1) <a href=\"http:\/\/www.ceevet.eu\/portuguese\/wp-content\/uploads\/2023\/02\/IO1-Framework-for-Skills-PT.pdf\" target=\"_blank\" rel=\"noreferrer noopener\">QUADRO DE COMPET\u00caNCIAS CE-E VET<\/a> que ir\u00e1 apresentar, de forma clara, as compet\u00eancias necess\u00e1rias no mercado de trabalho real, abrangendo compet\u00eancias empresariais, compet\u00eancias transversais de sustentabilidade, tais como as compet\u00eancias necess\u00e1rias para as PME verdes, ou, em geral, para a sociedade resiliente \u00e0s altera\u00e7\u00f5es clim\u00e1ticas, que cada cidad\u00e3o deve conhecer e possuir para ser um verdadeiro agente de mudan\u00e7a sustent\u00e1vel.<\/p>\n\n\n\n<p>(R2) <a href=\"http:\/\/www.ceevet.eu\/portuguese\/wp-content\/uploads\/2023\/10\/CE-E-VET-IO2-Educators-manual-PT.pdf\" target=\"_blank\" rel=\"noreferrer noopener\">HANDBOOK DE PROFESSORES VET<\/a> O manual oferecer\u00e1 a possibilidade de consolidar e melhorar os conhecimentos dos profissionais sobre os elementos-chave do projeto, e oferecer uma s\u00f3lida possibilidade de aperfei\u00e7oamento em rela\u00e7\u00e3o aos t\u00f3picos do mesmo.. O manual tamb\u00e9m ilustra as tr\u00eas modalidades em que a biblioteca pode ser utilizada. Tal como (1) um estudante que estuda autonomamente, (2) um professor que introduz os conceitos principais e depois os estudantes estudam por si pr\u00f3prios e (3) uma verdadeira abordagem de aprendizagem mista, abrangendo tanto a aprendizagem individual como as atividades baseadas nas aulas. Esta abordagem \u00e9 essencial para satisfazer a abordagem das micro-aulas adotada pelo projecto &#8211; preferida pelos nativos digitais mais habituados a uma abordagem r\u00e1pida dos conte\u00fados.\u00a0<\/p>\n\n\n\n<p>(R3) <a href=\"http:\/\/www.ceevet.eu\/portuguese\/biblioteca\/\">BIBLIOTECA CE-E VET MULTILINGUE<\/a> com recursos prontos a usar (micro-aulas, jogos, materiais de leitura, exerc\u00edcios\u2026. Os professores podem associar-se a qualquer turma ou aula sobre conceitos chave que incluam sustentabilidade, capacidades empreendedoras, responsabilidade. Todos os recursos estar\u00e3o dispon\u00edveis em acesso aberto.\u00a0<\/p>\n\n\n\n<p>Ao longo da dura\u00e7\u00e3o do projecto, os parceiros v\u00e3o apresentar um conjunto de resultados tang\u00edveis e intang\u00edveis, tais como:&nbsp;&nbsp;<\/p>\n\n\n\n<ul>\n<li>Estabelecer uma PARCERIA FORTE entre as 6 organiza\u00e7\u00f5es participantes que envolver\u00e1 pelo menos cinco outros intervenientes locais (complementares) (comunidades locais, associa\u00e7\u00f5es, centros de emprego, parceiros sociais chave,&#8230;), para aumentar a capacidade de todos para abordar quest\u00f5es comuns e oferecer servi\u00e7os inovadores e eficientes aos estudantes de EFV, promovendo assim a sua capacidade de transi\u00e7\u00e3o r\u00e1pida para um emprego.&nbsp;<\/li>\n\n\n\n<li>Criar e oferecer uma forma\u00e7\u00e3o a 3 EDUCADORES VET dos parceiros participantes, em Espanha, organizada por prestadores de servi\u00e7os especializados em PMEs com o objectivo de aumentar a sua capacidade de inovar a sua oferta e preparar as ferramentas e materiais propostos no projecto.&nbsp;<\/li>\n\n\n\n<li>Envolver as comunidades locais, partes interessadas e, em particular, 30 MENTORES das principais PMEs e empresas locais para participarem na comunidade e rede online, criados para colocar os estudantes de EFV em contacto com potenciais empregadores mas, mais importante ainda, para permitir que as novas gera\u00e7\u00f5es partilhem necessidades e expectativas.&nbsp;<\/li>\n\n\n\n<li>Pilotar os recursos da BIBLIOTECA, com 120 estudantes provenientes dos 6 parceiros, ou partes interessadas locais, para avaliar tamb\u00e9m as compet\u00eancias adquiridas pelos educadores de EFV em forma\u00e7\u00e3o.<\/li>\n\n\n\n<li>Organizar 6 eventos multiplicadores com o objectivo de oferecer o programa a outras 120 organiza\u00e7\u00f5es, assegurando assim a explora\u00e7\u00e3o e sustentabilidade dos resultados do projecto a longo prazo.&nbsp;<\/li>\n\n\n\n<li>Disseminar os resultados e produtos parciais e finais do projecto, informando e envolvendo 250 partes interessadas a n\u00edvel da UE para assegurar a sustentabilidade e difus\u00e3o, mesmo ap\u00f3s a vida \u00fatil do projecto.<\/li>\n<\/ul>\n","protected":false},"excerpt":{"rendered":"<p>Os 3 principais resultados do projeto ser\u00e3o:&nbsp; (R1) QUADRO DE COMPET\u00caNCIAS CE-E VET que ir\u00e1 apresentar, de forma clara, as compet\u00eancias necess\u00e1rias no mercado de trabalho real, abrangendo compet\u00eancias empresariais, compet\u00eancias transversais de sustentabilidade, tais como as compet\u00eancias necess\u00e1rias para as PME verdes, ou, em geral, para a sociedade resiliente \u00e0s altera\u00e7\u00f5es clim\u00e1ticas, que cada [&hellip;]<\/p>\n","protected":false},"author":2,"featured_media":0,"parent":0,"menu_order":0,"comment_status":"closed","ping_status":"closed","template":"template-full-width.php","meta":[],"_links":{"self":[{"href":"http:\/\/www.ceevet.eu\/portuguese\/wp-json\/wp\/v2\/pages\/30"}],"collection":[{"href":"http:\/\/www.ceevet.eu\/portuguese\/wp-json\/wp\/v2\/pages"}],"about":[{"href":"http:\/\/www.ceevet.eu\/portuguese\/wp-json\/wp\/v2\/types\/page"}],"author":[{"embeddable":true,"href":"http:\/\/www.ceevet.eu\/portuguese\/wp-json\/wp\/v2\/users\/2"}],"replies":[{"embeddable":true,"href":"http:\/\/www.ceevet.eu\/portuguese\/wp-json\/wp\/v2\/comments?post=30"}],"version-history":[{"count":4,"href":"http:\/\/www.ceevet.eu\/portuguese\/wp-json\/wp\/v2\/pages\/30\/revisions"}],"predecessor-version":[{"id":141,"href":"http:\/\/www.ceevet.eu\/portuguese\/wp-json\/wp\/v2\/pages\/30\/revisions\/141"}],"wp:attachment":[{"href":"http:\/\/www.ceevet.eu\/portuguese\/wp-json\/wp\/v2\/media?parent=30"}],"curies":[{"name":"wp","href":"https:\/\/api.w.org\/{rel}","templated":true}]}}